{"id":3247,"date":"2023-08-28T05:41:30","date_gmt":"2023-08-28T05:41:30","guid":{"rendered":"https:\/\/ubicomp.hosting.acm.org\/ubicompiswc2023_wp\/?page_id=3247"},"modified":"2023-09-04T11:11:01","modified_gmt":"2023-09-04T11:11:01","slug":"student-volunteers","status":"publish","type":"page","link":"https:\/\/ubicomp.hosting.acm.org\/ubicompiswc2023_wp\/organizing-committee\/student-volunteers\/","title":{"rendered":"Student Volunteers"},"content":{"rendered":"<p><div class=\"fusion-fullwidth fullwidth-box fusion-builder-row-1 nonhundred-percent-fullwidth non-hundred-percent-height-scrolling\" style=\"--awb-border-radius-top-left:0px;--awb-border-radius-top-right:0px;--awb-border-radius-bottom-right:0px;--awb-border-radius-bottom-left:0px;--awb-flex-wrap:wrap;\" id=\"content-start\" ><div class=\"fusion-builder-row fusion-row\"><div class=\"fusion-layout-column fusion_builder_column fusion-builder-column-0 fusion_builder_column_1_1 1_1 fusion-one-full fusion-column-first fusion-column-last\" style=\"--awb-bg-size:cover;\"><div class=\"fusion-column-wrapper fusion-column-has-shadow fusion-flex-column-wrapper-legacy\"><div class=\"fusion-title title fusion-title-1 fusion-sep-none fusion-title-text fusion-title-size-one\"><h1 class=\"fusion-title-heading title-heading-left\" style=\"margin:0;\"><p><span style=\"color: #c83273; font-size: 28px !important;\">UbiComp \/ ISWC 2023<\/span><br \/>\n<span style=\"color: #37408b;\">Student<\/span> <span style=\"color: #c83273;\">Volunteers<\/span><\/p><\/h1><\/div><div class=\"fusion-clearfix\"><\/div><\/div><\/div><\/div><\/div><div class=\"fusion-fullwidth fullwidth-box fusion-builder-row-2 nonhundred-percent-fullwidth non-hundred-percent-height-scrolling\" style=\"--awb-border-radius-top-left:0px;--awb-border-radius-top-right:0px;--awb-border-radius-bottom-right:0px;--awb-border-radius-bottom-left:0px;--awb-margin-top:25px;--awb-flex-wrap:wrap;\" ><div class=\"fusion-builder-row fusion-row\"><div class=\"fusion-layout-column fusion_builder_column fusion-builder-column-1 fusion_builder_column_4_5 4_5 fusion-four-fifth fusion-column-first\" style=\"--awb-bg-size:cover;width:80%;width:calc(80% - ( ( 4% ) * 0.8 ) );margin-right: 4%;\"><div class=\"fusion-column-wrapper fusion-column-has-shadow fusion-flex-column-wrapper-legacy\"><div class=\"fusion-text fusion-text-1\"><div>Student Volunteers (SVs) at UbiComp\/ISWC 2023 are the dynamic core, responsible for key tasks that ensure the event&#8217;s smooth operation. These tasks include logistics management, where SVs provide essential support to presenters, exhibit setup to create captivating displays, accessibility assistance for all attendees, and language support, particularly in Spanish or other languages. SVs from diverse cultural or religious backgrounds play a vital role in fostering a sense of belonging. These tasks are not just assignments; they are opportunities to make a meaningful impact, connect with fellow attendees, and contribute to an exceptional conference.<\/div>\n<h4>Student Volunteers at UbiComp\/ISWC 2023<\/h4>\n<ul>\n<li>Julia Romero, University of Colorado Boulder<\/li>\n<li>Yujie Tao, Stanford University<\/li>\n<li>Christian Gonz\u00e1lez Garc\u00eda, Centro de Investigacion Cient\u00edfica y de Educacion Superior de Ensenada<\/li>\n<li>Peter Neigel, Osaka Metropolitan University<\/li>\n<li>Poorva Satish Bedmutha, University of California San Diego<\/li>\n<li>Ibis Carrillo Araujo, Universidad Autonoma de Yucatan<\/li>\n<li>Jason Hoffman, University of Washington<\/li>\n<li>Arshia Arya, University of California, San Diego<\/li>\n<li>Vitica Arnold, University of California Irvine<\/li>\n<li>Emani Dotch, University of California, Irvine<\/li>\n<li>Faustino Zarif Carlos Le\u00f3n Altamirano, Universidad Michoacana de San Nicol\u00e1s de Hidalgo<\/li>\n<li>Hyunsoo Kim, Seoul National University<\/li>\n<li>Lily Gabriel, University of Colorado Boulder<\/li>\n<li>Morgan Chen, New York University<\/li>\n<li>Md Saiful Islam, University of Rochester<\/li>\n<li>Jiha Kim, Pohang University of Science and Technology<\/li>\n<li>Rebecca Adaimi, University of Texas at Austin<\/li>\n<li>Peter Feng, Georgia Institute of Technology<\/li>\n<li>Sayeda Shamma Alia, Concordia University<\/li>\n<li>Xiaofu JIN, Hong Kong University Science and Technology<\/li>\n<li>Jos\u00e9 Ricardo Cede\u00f1o Garc\u00eda , CICESE<\/li>\n<li>Gabriela Vega, Peruvian University of Applied Sciences<\/li>\n<li>Dawei Liang, The University of Texas at Austin<\/li>\n<li>Hiruni Nuwanthika Kegalle, RMIT University, Melbourne<\/li>\n<li>Alvin Cao, University of Washington<\/li>\n<li>Yoganand Biradavolu, University of Wisconsin &#8211; Madison<\/li>\n<li>Sebastian Antonio Barrera Herrera, Universidad Aut\u00f3noma de Yucat\u00e1n<\/li>\n<li>Lidia Alecci, Universit\u00e0 della Svizzera italiana (USI), Switzerland<\/li>\n<li>Mario Osvaldo Parra Espinoza, CICESE (Ensenada Center for Scientific Research and Higher Education<\/li>\n<li>Tan Gemicioglu, Cornell University<\/li>\n<\/ul>\n<p>For any questions relating to student volunteers and to request any specific support, please contact the SV chairs at <a href=\"mailto:sv-2023@ubicomp.org\">sv-2023@ubicomp.org<\/a><\/p>\n<\/div><div class=\"fusion-clearfix\"><\/div><\/div><\/div><div class=\"fusion-layout-column fusion_builder_column fusion-builder-column-2 fusion_builder_column_1_5 1_5 fusion-one-fifth fusion-column-last\" style=\"--awb-bg-size:cover;width:20%;width:calc(20% - ( ( 4% ) * 0.2 ) );\"><div class=\"fusion-column-wrapper fusion-column-has-shadow fusion-flex-column-wrapper-legacy\"><div class=\"fusion-title title fusion-title-2 fusion-sep-none fusion-title-text fusion-title-size-three\" style=\"--awb-text-color:#37408b;--awb-font-size:24px;\"><h3 class=\"fusion-title-heading title-heading-left\" style=\"margin:0;font-size:1em;\">IMPORTANT DATES<\/h3><\/div><div class=\"fusion-text fusion-text-2\"><p><span style=\"font-size: 14px; background-color: rgba(255, 255, 255, 0); color: var(--body_typography-color); font-family: var(--body_typography-font-family); font-style: var(--body_typography-font-style,normal); letter-spacing: var(--body_typography-letter-spacing);\">Conference Dates:<br \/>\n<\/span><strong style=\"color: var(--body_typography-color); font-family: var(--body_typography-font-family); font-style: var(--body_typography-font-style,normal); letter-spacing: var(--body_typography-letter-spacing); font-size: 14px; background-color: rgba(255, 255, 255, 0);\">October 8-12, 2023<\/strong><\/p>\n<\/div><div class=\"fusion-sep-clear\"><\/div><div class=\"fusion-separator fusion-full-width-sep\" style=\"margin-left: auto;margin-right: auto;margin-top:20PX;width:100%;\"><\/div><div class=\"fusion-sep-clear\"><\/div><div class=\"fusion-title title fusion-title-3 fusion-sep-none fusion-title-text fusion-title-size-three\" style=\"--awb-text-color:#37408b;--awb-font-size:24px;\"><h3 class=\"fusion-title-heading title-heading-left\" style=\"margin:0;font-size:1em;\">CONTACT<\/h3><\/div><div class=\"fusion-text fusion-text-3\"><p><a href=\"mailto:sv-2023@ubicomp.org\">sv-2023@ubicomp.org<\/a><\/p>\n<\/div><div class=\"fusion-clearfix\"><\/div><\/div><\/div><\/div><\/div><footer class=\"fusion-fullwidth fullwidth-box fusion-builder-row-3 nonhundred-percent-fullwidth non-hundred-percent-height-scrolling\" style=\"--awb-border-radius-top-left:0px;--awb-border-radius-top-right:0px;--awb-border-radius-bottom-right:0px;--awb-border-radius-bottom-left:0px;--awb-padding-top:20px;--awb-padding-right:50px;--awb-padding-bottom:50px;--awb-padding-left:50px;--awb-background-color:#37408b;--awb-flex-wrap:wrap;\" ><div class=\"fusion-builder-row fusion-row\"><div class=\"fusion-layout-column fusion_builder_column fusion-builder-column-3 fusion_builder_column_1_4 1_4 fusion-one-fourth fusion-column-first\" style=\"--awb-padding-top:40px;--awb-bg-size:cover;width:25%;width:calc(25% - ( ( 4% ) * 0.25 ) );margin-right: 4%;\"><div class=\"fusion-column-wrapper fusion-column-has-shadow fusion-flex-column-wrapper-legacy\"><div class=\"fusion-text fusion-text-4\"><h4><span style=\"color: #ffffff;\">UbiComp \/ ISWC<\/span><\/h4>\n<\/div><div class=\"fusion-clearfix\"><\/div><\/div><\/div><div class=\"fusion-layout-column fusion_builder_column fusion-builder-column-4 fusion_builder_column_3_4 3_4 fusion-three-fourth fusion-column-last\" style=\"--awb-bg-size:cover;width:75%;width:calc(75% - ( ( 4% ) * 0.75 ) );\"><div class=\"fusion-column-wrapper fusion-column-has-shadow fusion-flex-column-wrapper-legacy\"><div class=\"fusion-text fusion-text-5\"><h4><span style=\"color: #ffffff;\">Past Conferences<\/span><\/h4>\n<div class=\"fusion-text fusion-text-4\">\n<p><span style=\"color: #ffffff;\">The ACM international joint conference on Pervasive and Ubiquitous Computing (<b>UbiComp<\/b>) is the result of a merger of the two most renowned conferences in the field: Pervasive and UbiComp. While it retains the name of the latter in recognition of the visionary work of Mark Weiser, its long name reflects the dual history of the new event.<\/span><\/p>\n<p><span style=\"color: #ffffff;\">The ACM International Symposium on Wearable Computing (<b>ISWC<\/b>) discusses novel results in all aspects of wearable computing, and has been colocated with UbiComp and Pervasive since 2013.<\/span><\/p>\n<p><span style=\"color: #ffffff;\">A complete list of UbiComp, Pervasive, and ISWC past conferences is provided below.<\/span><\/p>\n<\/div>\n<\/div><div class=\"fusion-button-wrapper\"><a class=\"fusion-button button-flat fusion-button-default-size button-custom fusion-button-default button-1 fusion-button-default-span fusion-button-default-type\" style=\"--button_accent_color:#105378;--button_accent_hover_color:#105378;--button_border_hover_color:#105378;--button-border-radius-top-left:0;--button-border-radius-top-right:0;--button-border-radius-bottom-right:0;--button-border-radius-bottom-left:0;--button_gradient_top_color:#e5e6e8;--button_gradient_bottom_color:#e5e6e8;--button_gradient_top_color_hover:#999a9b;--button_gradient_bottom_color_hover:#999a9b;\" target=\"_self\" href=\"https:\/\/www.ubicomp.org\/ubicomp-iswc-2023\/past-conferences\/\"><span class=\"fusion-button-text\">View all<\/span><\/a><\/div><div class=\"fusion-clearfix\"><\/div><\/div><\/div><\/div><\/footer>\n<\/p>\n","protected":false},"excerpt":{"rendered":"","protected":false},"author":5,"featured_media":0,"parent":248,"menu_order":0,"comment_status":"closed","ping_status":"closed","template":"100-width.php","meta":[],"_links":{"self":[{"href":"https:\/\/ubicomp.hosting.acm.org\/ubicompiswc2023_wp\/wp-json\/wp\/v2\/pages\/3247"}],"collection":[{"href":"https:\/\/ubicomp.hosting.acm.org\/ubicompiswc2023_wp\/wp-json\/wp\/v2\/pages"}],"about":[{"href":"https:\/\/ubicomp.hosting.acm.org\/ubicompiswc2023_wp\/wp-json\/wp\/v2\/types\/page"}],"author":[{"embeddable":true,"href":"https:\/\/ubicomp.hosting.acm.org\/ubicompiswc2023_wp\/wp-json\/wp\/v2\/users\/5"}],"replies":[{"embeddable":true,"href":"https:\/\/ubicomp.hosting.acm.org\/ubicompiswc2023_wp\/wp-json\/wp\/v2\/comments?post=3247"}],"version-history":[{"count":9,"href":"https:\/\/ubicomp.hosting.acm.org\/ubicompiswc2023_wp\/wp-json\/wp\/v2\/pages\/3247\/revisions"}],"predecessor-version":[{"id":3287,"href":"https:\/\/ubicomp.hosting.acm.org\/ubicompiswc2023_wp\/wp-json\/wp\/v2\/pages\/3247\/revisions\/3287"}],"up":[{"embeddable":true,"href":"https:\/\/ubicomp.hosting.acm.org\/ubicompiswc2023_wp\/wp-json\/wp\/v2\/pages\/248"}],"wp:attachment":[{"href":"https:\/\/ubicomp.hosting.acm.org\/ubicompiswc2023_wp\/wp-json\/wp\/v2\/media?parent=3247"}],"curies":[{"name":"wp","href":"https:\/\/api.w.org\/{rel}","templated":true}]}}